{"id":746,"date":"2023-10-25T06:49:15","date_gmt":"2023-10-25T06:49:15","guid":{"rendered":"https:\/\/bikebenefits.se\/?page_id=746"},"modified":"2024-12-20T15:21:37","modified_gmt":"2024-12-20T14:21:37","slug":"tack-arbetsgivare","status":"publish","type":"page","link":"https:\/\/bikebenefits.se\/en\/tack-arbetsgivare\/","title":{"rendered":"Tack arbetsgivare"},"content":{"rendered":"<p>[et_pb_section fb_built=&#8221;1&#8243; custom_padding_last_edited=&#8221;on|tablet&#8221; admin_label=&#8221;Section&#8221; _builder_version=&#8221;4.22.2&#8243; _module_preset=&#8221;default&#8221; use_background_color_gradient=&#8221;on&#8221; background_color_gradient_type=&#8221;circular&#8221; background_color_gradient_direction_radial=&#8221;top&#8221; background_color_gradient_stops=&#8221;rgba(35,37,38,0.41) 28%|rgba(0,0,0,0.88) 100%&#8221; background_image=&#8221;https:\/\/bikebenefits.se\/wp-content\/uploads\/2023\/08\/YEC915__31YEC700__21_Crescent_elston_elder_cyklar-min-1.jpg&#8221; background_blend=&#8221;multiply&#8221; custom_margin=&#8221;-130px||||false|false&#8221; custom_margin_tablet=&#8221;-100px||||false|false&#8221; custom_margin_phone=&#8221;-100px||||false|false&#8221; custom_margin_last_edited=&#8221;on|tablet&#8221; custom_padding=&#8221;15%||0.9%||false|false&#8221; custom_padding_tablet=&#8221;20%||||false|false&#8221; custom_padding_phone=&#8221;35%||0%||false|false&#8221; bottom_divider_color=&#8221;#FFFFFF&#8221; bottom_divider_height=&#8221;30px&#8221; bottom_divider_flip=&#8221;horizontal&#8221; da_disable_devices=&#8221;off|off|off&#8221; global_colors_info=&#8221;{}&#8221; da_is_popup=&#8221;off&#8221; da_exit_intent=&#8221;off&#8221; da_has_close=&#8221;on&#8221; da_alt_close=&#8221;off&#8221; da_dark_close=&#8221;off&#8221; da_not_modal=&#8221;on&#8221; da_is_singular=&#8221;off&#8221; da_with_loader=&#8221;off&#8221; da_has_shadow=&#8221;on&#8221;][et_pb_row _builder_version=&#8221;4.22.2&#8243; _module_preset=&#8221;default&#8221; width_tablet=&#8221;&#8221; width_phone=&#8221;90%&#8221; width_last_edited=&#8221;on|phone&#8221; custom_padding=&#8221;||7px|||&#8221; global_colors_info=&#8221;{}&#8221;][et_pb_column type=&#8221;4_4&#8243; _builder_version=&#8221;4.22.1&#8243; _module_preset=&#8221;default&#8221; global_colors_info=&#8221;{}&#8221;][et_pb_text _builder_version=&#8221;4.22.2&#8243; _module_preset=&#8221;default&#8221; header_font=&#8221;|600|||||||&#8221; header_text_align=&#8221;center&#8221; header_text_color=&#8221;#FFFFFF&#8221; header_font_size=&#8221;47px&#8221; header_2_font=&#8221;||||||||&#8221; header_2_text_align=&#8221;center&#8221; header_2_text_color=&#8221;#FFFFFF&#8221; header_2_font_size=&#8221;45px&#8221; header_2_letter_spacing=&#8221;-2px&#8221; custom_margin=&#8221;||11px|||&#8221; header_2_font_size_tablet=&#8221;45px&#8221; header_2_font_size_phone=&#8221;45px&#8221; header_2_font_size_last_edited=&#8221;on|desktop&#8221; header_text_shadow_style=&#8221;preset3&#8243; global_colors_info=&#8221;{}&#8221;]<\/p>\n<h1>Vi h\u00f6rs snart!<\/h1>\n<p>[\/et_pb_text][et_pb_divider color=&#8221;#488D7D&#8221; _builder_version=&#8221;4.22.2&#8243; _module_preset=&#8221;default&#8221; max_width=&#8221;45%&#8221; module_alignment=&#8221;center&#8221; custom_margin=&#8221;||2px|||&#8221; custom_padding=&#8221;||0px|||&#8221; global_colors_info=&#8221;{}&#8221;][\/et_pb_divider][et_pb_text _builder_version=&#8221;4.22.2&#8243; _module_preset=&#8221;default&#8221; text_text_color=&#8221;#FFFFFF&#8221; text_font_size=&#8221;20px&#8221; text_line_height=&#8221;1.4em&#8221; header_text_align=&#8221;center&#8221; text_orientation=&#8221;center&#8221; width=&#8221;70%&#8221; width_tablet=&#8221;90%&#8221; width_phone=&#8221;100%&#8221; width_last_edited=&#8221;on|tablet&#8221; module_alignment=&#8221;center&#8221; custom_margin=&#8221;||90px|||&#8221; custom_margin_tablet=&#8221;||40px||false|false&#8221; custom_margin_phone=&#8221;||50px||false|false&#8221; custom_margin_last_edited=&#8221;on|phone&#8221; link_option_url=&#8221;mailto:info@bikebenefits.se&#8221; global_colors_info=&#8221;{}&#8221; text_text_color__hover_enabled=&#8221;off|desktop&#8221; text_text_color__hover=&#8221;#488D7D&#8221;]<\/p>\n<p>Vi tar kontakt med angiven kontaktperson inom kort. L\u00e4s mer om Bike benefits h\u00e5llbara arbete och alla f\u00f6rdelarna med att v\u00e4lja f\u00f6rm\u00e5nscykel.<\/p>\n<p>[\/et_pb_text][et_pb_icon font_icon=&#8221;&#x22;||divi||400&#8243; icon_color=&#8221;#488D7D&#8221; icon_width=&#8221;32px&#8221; url=&#8221;#hallbarhet&#8221; _builder_version=&#8221;4.22.2&#8243; _module_preset=&#8221;default&#8221; custom_margin=&#8221;||20px||false|false&#8221; custom_margin_tablet=&#8221;||20px||false|false&#8221; custom_margin_phone=&#8221;||20px||false|false&#8221; custom_margin_last_edited=&#8221;on|desktop&#8221; global_colors_info=&#8221;{}&#8221;][\/et_pb_icon][\/et_pb_column][\/et_pb_row][\/et_pb_section][et_pb_section fb_built=&#8221;1&#8243; admin_label=&#8221;Section&#8221; module_id=&#8221;hallbarhet&#8221; _builder_version=&#8221;4.22.2&#8243; _module_preset=&#8221;default&#8221; custom_padding=&#8221;35px||40px|||&#8221; da_popup_slug=&#8221;hallbarhet&#8221; da_disable_devices=&#8221;off|off|off&#8221; global_colors_info=&#8221;{}&#8221; da_is_popup=&#8221;off&#8221; da_exit_intent=&#8221;off&#8221; da_has_close=&#8221;on&#8221; da_alt_close=&#8221;off&#8221; da_dark_close=&#8221;off&#8221; da_not_modal=&#8221;on&#8221; da_is_singular=&#8221;off&#8221; da_with_loader=&#8221;off&#8221; da_has_shadow=&#8221;on&#8221;][et_pb_row column_structure=&#8221;1_2,1_2&#8243; _builder_version=&#8221;4.22.2&#8243; _module_preset=&#8221;default&#8221; custom_padding=&#8221;0px|||||&#8221; global_colors_info=&#8221;{}&#8221;][et_pb_column type=&#8221;1_2&#8243; _builder_version=&#8221;4.22.2&#8243; _module_preset=&#8221;default&#8221; global_colors_info=&#8221;{}&#8221;][et_pb_divider show_divider=&#8221;off&#8221; _builder_version=&#8221;4.22.2&#8243; _module_preset=&#8221;default&#8221; use_background_color_gradient=&#8221;on&#8221; background_color_gradient_type=&#8221;circular&#8221; background_color_gradient_direction_radial=&#8221;top&#8221; background_color_gradient_stops=&#8221;rgba(35,37,38,0) 61%|rgba(0,0,0,0.88) 100%&#8221; background_image=&#8221;https:\/\/bikebenefits.se\/wp-content\/uploads\/2023\/08\/YEC768__31Crescent-Elis-bronarbild-min-scaled.jpg&#8221; background_blend=&#8221;multiply&#8221; custom_padding=&#8221;200px||200px||true|false&#8221; custom_padding_tablet=&#8221;200px||200px||true|false&#8221; custom_padding_phone=&#8221;110px||110px||true|false&#8221; custom_padding_last_edited=&#8221;on|phone&#8221; global_colors_info=&#8221;{}&#8221;][\/et_pb_divider][et_pb_text _builder_version=&#8221;4.22.2&#8243; _module_preset=&#8221;default&#8221; text_font_size=&#8221;16px&#8221; header_2_font_size=&#8221;31px&#8221; custom_margin=&#8221;40px||25px||false|false&#8221; custom_padding=&#8221;|15px||15px|false|true&#8221; global_colors_info=&#8221;{}&#8221;]<\/p>\n<div>\n<div>\n<h2 style=\"text-align: center;\">En mer h\u00e5llbar livsstil<\/h2>\n<p style=\"text-align: center;\">L\u00e5t oss ber\u00e4tta varf\u00f6r cykling \u00e4r nyckeln till en gr\u00f6nare och med h\u00e5llbar framtid.<\/p>\n<\/div>\n<\/div>\n<p>[\/et_pb_text][et_pb_button button_url=&#8221;@ET-DC@eyJkeW5hbWljIjp0cnVlLCJjb250ZW50IjoicG9zdF9saW5rX3VybF9wYWdlIiwic2V0dGluZ3MiOnsicG9zdF9pZCI6IjQyMyJ9fQ==@&#8221; button_text=&#8221;L\u00e4s mer&#8221; button_alignment=&#8221;center&#8221; _builder_version=&#8221;4.27.4&#8243; _dynamic_attributes=&#8221;button_url&#8221; _module_preset=&#8221;default&#8221; custom_button=&#8221;on&#8221; button_text_size=&#8221;18px&#8221; button_text_color=&#8221;#FFFFFF&#8221; button_bg_color=&#8221;#232526&#8243; button_border_width=&#8221;0px&#8221; button_border_radius=&#8221;50px&#8221; button_font=&#8221;&#8211;et_global_heading_font||||||||&#8221; custom_padding=&#8221;10px|25px|10px|25px|true|false&#8221; global_colors_info=&#8221;{}&#8221; custom_padding__hover_enabled=&#8221;on|hover&#8221; custom_padding__hover=&#8221;|54px|||true|false&#8221; button_bg_color__hover_enabled=&#8221;on|desktop&#8221; button_bg_color__hover=&#8221;#488D7D&#8221; button_bg_enable_color__hover=&#8221;on&#8221; button_text_color__hover_enabled=&#8221;on|hover&#8221; button_text_color__hover=&#8221;#FFFFFF&#8221; button_icon_color__hover_enabled=&#8221;on|desktop&#8221; button_icon_color__hover=&#8221;#FFFFFF&#8221;][\/et_pb_button][\/et_pb_column][et_pb_column type=&#8221;1_2&#8243; _builder_version=&#8221;4.22.2&#8243; _module_preset=&#8221;default&#8221; global_colors_info=&#8221;{}&#8221;][et_pb_divider show_divider=&#8221;off&#8221; _builder_version=&#8221;4.22.2&#8243; _module_preset=&#8221;default&#8221; use_background_color_gradient=&#8221;on&#8221; background_color_gradient_type=&#8221;circular&#8221; background_color_gradient_direction_radial=&#8221;top&#8221; background_color_gradient_stops=&#8221;rgba(35,37,38,0) 56%|rgba(0,0,0,0.88) 100%&#8221; background_image=&#8221;https:\/\/bikebenefits.se\/wp-content\/uploads\/2023\/08\/Wallner_230412_139993-min.jpg&#8221; background_size=&#8221;custom&#8221; background_image_width=&#8221;180%&#8221; background_blend=&#8221;multiply&#8221; custom_padding=&#8221;200px||200px||true|false&#8221; custom_padding_tablet=&#8221;200px||200px||true|false&#8221; custom_padding_phone=&#8221;120px||120px||true|false&#8221; custom_padding_last_edited=&#8221;on|desktop&#8221; global_colors_info=&#8221;{}&#8221;][\/et_pb_divider][et_pb_text _builder_version=&#8221;4.22.2&#8243; _module_preset=&#8221;default&#8221; text_font_size=&#8221;16px&#8221; header_2_font_size=&#8221;31px&#8221; custom_margin=&#8221;40px||25px||false|false&#8221; custom_padding=&#8221;|15px||15px|false|true&#8221; global_colors_info=&#8221;{}&#8221;]<\/p>\n<h2 style=\"text-align: center;\">F\u00f6rdelarna \u00e4r m\u00e5nga<\/h2>\n<p style=\"text-align: center;\">Ekonomiskt, milj\u00f6m\u00e4ssigt och h\u00e4lsom\u00e4ssigt. L\u00e4s om f\u00f6rdelarna med f\u00f6rm\u00e5nscykel.<\/p>\n<p>[\/et_pb_text][et_pb_button button_url=&#8221;https:\/\/bikebenefits.se\/medarbetare\/#arbetsgivaresfordelar&#8221; button_text=&#8221;L\u00e4s mer&#8221; button_alignment=&#8221;center&#8221; _builder_version=&#8221;4.27.4&#8243; _module_preset=&#8221;default&#8221; custom_button=&#8221;on&#8221; button_text_size=&#8221;18px&#8221; button_text_color=&#8221;#FFFFFF&#8221; button_bg_color=&#8221;#232526&#8243; button_border_width=&#8221;0px&#8221; button_border_radius=&#8221;50px&#8221; button_font=&#8221;&#8211;et_global_heading_font||||||||&#8221; custom_padding=&#8221;10px|25px|10px|25px|true|false&#8221; hover_enabled=&#8221;0&#8243; global_colors_info=&#8221;{}&#8221; custom_padding__hover_enabled=&#8221;on|hover&#8221; custom_padding__hover=&#8221;|54px|||true|false&#8221; button_bg_color__hover_enabled=&#8221;on|desktop&#8221; button_bg_color__hover=&#8221;#488D7D&#8221; button_bg_enable_color__hover=&#8221;on&#8221; button_text_color__hover_enabled=&#8221;on|hover&#8221; button_text_color__hover=&#8221;#FFFFFF&#8221; button_icon_color__hover_enabled=&#8221;on|desktop&#8221; button_icon_color__hover=&#8221;#FFFFFF&#8221; sticky_enabled=&#8221;0&#8243;][\/et_pb_button][\/et_pb_column][\/et_pb_row][\/et_pb_section]<\/p>\n","protected":false},"excerpt":{"rendered":"<p>Vi h\u00f6rs snart!Vi tar kontakt med angiven kontaktperson inom kort. L\u00e4s mer om Bike benefits h\u00e5llbara arbete och alla f\u00f6rdelarna med att v\u00e4lja f\u00f6rm\u00e5nscykel. En mer h\u00e5llbar livsstil L\u00e5t oss ber\u00e4tta varf\u00f6r cykling \u00e4r nyckeln till en gr\u00f6nare och med h\u00e5llbar framtid. F\u00f6rdelarna \u00e4r m\u00e5nga Ekonomiskt, milj\u00f6m\u00e4ssigt och h\u00e4lsom\u00e4ssigt. L\u00e4s om f\u00f6rdelarna med f\u00f6rm\u00e5nscykel.<\/p>","protected":false},"author":1,"featured_media":0,"parent":0,"menu_order":0,"comment_status":"closed","ping_status":"closed","template":"","meta":{"_et_pb_use_builder":"on","_et_pb_old_content":"","_et_gb_content_width":"","footnotes":""},"class_list":["post-746","page","type-page","status-publish","hentry"],"yoast_head":"<!-- This site is optimized with the Yoast SEO plugin v27.5 - https:\/\/yoast.com\/product\/yoast-seo-wordpress\/ -->\n<title>Tack arbetsgivare - Bike benefits<\/title>\n<meta name=\"robots\" content=\"index, follow, max-snippet:-1, max-image-preview:large, max-video-preview:-1\" \/>\n<link rel=\"canonical\" href=\"https:\/\/bikebenefits.se\/en\/tack-arbetsgivare\/\" \/>\n<meta property=\"og:locale\" content=\"en_GB\" \/>\n<meta property=\"og:type\" content=\"article\" \/>\n<meta property=\"og:title\" content=\"Tack arbetsgivare - Bike benefits\" \/>\n<meta property=\"og:description\" content=\"Vi h\u00f6rs snart!Vi tar kontakt med angiven kontaktperson inom kort. L\u00e4s mer om Bike benefits h\u00e5llbara arbete och alla f\u00f6rdelarna med att v\u00e4lja f\u00f6rm\u00e5nscykel. En mer h\u00e5llbar livsstil L\u00e5t oss ber\u00e4tta varf\u00f6r cykling \u00e4r nyckeln till en gr\u00f6nare och med h\u00e5llbar framtid. F\u00f6rdelarna \u00e4r m\u00e5nga Ekonomiskt, milj\u00f6m\u00e4ssigt och h\u00e4lsom\u00e4ssigt. L\u00e4s om f\u00f6rdelarna med f\u00f6rm\u00e5nscykel.\" \/>\n<meta property=\"og:url\" content=\"https:\/\/bikebenefits.se\/en\/tack-arbetsgivare\/\" \/>\n<meta property=\"og:site_name\" content=\"Bike benefits\" \/>\n<meta property=\"article:publisher\" content=\"https:\/\/www.facebook.com\/bikebenefitssverige\" \/>\n<meta property=\"article:modified_time\" content=\"2024-12-20T14:21:37+00:00\" \/>\n<meta name=\"twitter:card\" content=\"summary_large_image\" \/>\n<meta name=\"twitter:label1\" content=\"Estimated reading time\" \/>\n\t<meta name=\"twitter:data1\" content=\"6 minutes\" \/>\n<script type=\"application\/ld+json\" class=\"yoast-schema-graph\">{\"@context\":\"https:\\\/\\\/schema.org\",\"@graph\":[{\"@type\":\"WebPage\",\"@id\":\"https:\\\/\\\/bikebenefits.se\\\/tack-arbetsgivare\\\/\",\"url\":\"https:\\\/\\\/bikebenefits.se\\\/tack-arbetsgivare\\\/\",\"name\":\"Tack arbetsgivare - Bike benefits\",\"isPartOf\":{\"@id\":\"https:\\\/\\\/bikebenefits.se\\\/#website\"},\"datePublished\":\"2023-10-25T06:49:15+00:00\",\"dateModified\":\"2024-12-20T14:21:37+00:00\",\"breadcrumb\":{\"@id\":\"https:\\\/\\\/bikebenefits.se\\\/tack-arbetsgivare\\\/#breadcrumb\"},\"inLanguage\":\"en-GB\",\"potentialAction\":[{\"@type\":\"ReadAction\",\"target\":[\"https:\\\/\\\/bikebenefits.se\\\/tack-arbetsgivare\\\/\"]}]},{\"@type\":\"BreadcrumbList\",\"@id\":\"https:\\\/\\\/bikebenefits.se\\\/tack-arbetsgivare\\\/#breadcrumb\",\"itemListElement\":[{\"@type\":\"ListItem\",\"position\":1,\"name\":\"Hem\",\"item\":\"https:\\\/\\\/bikebenefits.se\\\/\"},{\"@type\":\"ListItem\",\"position\":2,\"name\":\"Tack arbetsgivare\"}]},{\"@type\":\"WebSite\",\"@id\":\"https:\\\/\\\/bikebenefits.se\\\/#website\",\"url\":\"https:\\\/\\\/bikebenefits.se\\\/\",\"name\":\"Bike benefits\",\"description\":\"F\u00f6rm\u00e5nscyklar f\u00f6r en h\u00e5llbar livsstil\",\"publisher\":{\"@id\":\"https:\\\/\\\/bikebenefits.se\\\/#organization\"},\"potentialAction\":[{\"@type\":\"SearchAction\",\"target\":{\"@type\":\"EntryPoint\",\"urlTemplate\":\"https:\\\/\\\/bikebenefits.se\\\/?s={search_term_string}\"},\"query-input\":{\"@type\":\"PropertyValueSpecification\",\"valueRequired\":true,\"valueName\":\"search_term_string\"}}],\"inLanguage\":\"en-GB\"},{\"@type\":\"Organization\",\"@id\":\"https:\\\/\\\/bikebenefits.se\\\/#organization\",\"name\":\"Bike benefits\",\"url\":\"https:\\\/\\\/bikebenefits.se\\\/\",\"logo\":{\"@type\":\"ImageObject\",\"inLanguage\":\"en-GB\",\"@id\":\"https:\\\/\\\/bikebenefits.se\\\/#\\\/schema\\\/logo\\\/image\\\/\",\"url\":\"https:\\\/\\\/bikebenefits.se\\\/wp-content\\\/uploads\\\/2024\\\/02\\\/bikebenefits-black-tagline.png\",\"contentUrl\":\"https:\\\/\\\/bikebenefits.se\\\/wp-content\\\/uploads\\\/2024\\\/02\\\/bikebenefits-black-tagline.png\",\"width\":1200,\"height\":521,\"caption\":\"Bike benefits\"},\"image\":{\"@id\":\"https:\\\/\\\/bikebenefits.se\\\/#\\\/schema\\\/logo\\\/image\\\/\"},\"sameAs\":[\"https:\\\/\\\/www.facebook.com\\\/bikebenefitssverige\",\"https:\\\/\\\/www.instagram.com\\\/bikebenefits\"]}]}<\/script>\n<!-- \/ Yoast SEO plugin. -->","yoast_head_json":{"title":"Tack arbetsgivare - Bike benefits","robots":{"index":"index","follow":"follow","max-snippet":"max-snippet:-1","max-image-preview":"max-image-preview:large","max-video-preview":"max-video-preview:-1"},"canonical":"https:\/\/bikebenefits.se\/en\/tack-arbetsgivare\/","og_locale":"en_GB","og_type":"article","og_title":"Tack arbetsgivare - Bike benefits","og_description":"Vi h\u00f6rs snart!Vi tar kontakt med angiven kontaktperson inom kort. L\u00e4s mer om Bike benefits h\u00e5llbara arbete och alla f\u00f6rdelarna med att v\u00e4lja f\u00f6rm\u00e5nscykel. En mer h\u00e5llbar livsstil L\u00e5t oss ber\u00e4tta varf\u00f6r cykling \u00e4r nyckeln till en gr\u00f6nare och med h\u00e5llbar framtid. F\u00f6rdelarna \u00e4r m\u00e5nga Ekonomiskt, milj\u00f6m\u00e4ssigt och h\u00e4lsom\u00e4ssigt. L\u00e4s om f\u00f6rdelarna med f\u00f6rm\u00e5nscykel.","og_url":"https:\/\/bikebenefits.se\/en\/tack-arbetsgivare\/","og_site_name":"Bike benefits","article_publisher":"https:\/\/www.facebook.com\/bikebenefitssverige","article_modified_time":"2024-12-20T14:21:37+00:00","twitter_card":"summary_large_image","twitter_misc":{"Estimated reading time":"6 minutes"},"schema":{"@context":"https:\/\/schema.org","@graph":[{"@type":"WebPage","@id":"https:\/\/bikebenefits.se\/tack-arbetsgivare\/","url":"https:\/\/bikebenefits.se\/tack-arbetsgivare\/","name":"Tack arbetsgivare - Bike benefits","isPartOf":{"@id":"https:\/\/bikebenefits.se\/#website"},"datePublished":"2023-10-25T06:49:15+00:00","dateModified":"2024-12-20T14:21:37+00:00","breadcrumb":{"@id":"https:\/\/bikebenefits.se\/tack-arbetsgivare\/#breadcrumb"},"inLanguage":"en-GB","potentialAction":[{"@type":"ReadAction","target":["https:\/\/bikebenefits.se\/tack-arbetsgivare\/"]}]},{"@type":"BreadcrumbList","@id":"https:\/\/bikebenefits.se\/tack-arbetsgivare\/#breadcrumb","itemListElement":[{"@type":"ListItem","position":1,"name":"Hem","item":"https:\/\/bikebenefits.se\/"},{"@type":"ListItem","position":2,"name":"Tack arbetsgivare"}]},{"@type":"WebSite","@id":"https:\/\/bikebenefits.se\/#website","url":"https:\/\/bikebenefits.se\/","name":"Bike benefits","description":"F\u00f6rm\u00e5nscyklar f\u00f6r en h\u00e5llbar livsstil","publisher":{"@id":"https:\/\/bikebenefits.se\/#organization"},"potentialAction":[{"@type":"SearchAction","target":{"@type":"EntryPoint","urlTemplate":"https:\/\/bikebenefits.se\/?s={search_term_string}"},"query-input":{"@type":"PropertyValueSpecification","valueRequired":true,"valueName":"search_term_string"}}],"inLanguage":"en-GB"},{"@type":"Organization","@id":"https:\/\/bikebenefits.se\/#organization","name":"Bike benefits","url":"https:\/\/bikebenefits.se\/","logo":{"@type":"ImageObject","inLanguage":"en-GB","@id":"https:\/\/bikebenefits.se\/#\/schema\/logo\/image\/","url":"https:\/\/bikebenefits.se\/wp-content\/uploads\/2024\/02\/bikebenefits-black-tagline.png","contentUrl":"https:\/\/bikebenefits.se\/wp-content\/uploads\/2024\/02\/bikebenefits-black-tagline.png","width":1200,"height":521,"caption":"Bike benefits"},"image":{"@id":"https:\/\/bikebenefits.se\/#\/schema\/logo\/image\/"},"sameAs":["https:\/\/www.facebook.com\/bikebenefitssverige","https:\/\/www.instagram.com\/bikebenefits"]}]}},"_links":{"self":[{"href":"https:\/\/bikebenefits.se\/en\/wp-json\/wp\/v2\/pages\/746","targetHints":{"allow":["GET"]}}],"collection":[{"href":"https:\/\/bikebenefits.se\/en\/wp-json\/wp\/v2\/pages"}],"about":[{"href":"https:\/\/bikebenefits.se\/en\/wp-json\/wp\/v2\/types\/page"}],"author":[{"embeddable":true,"href":"https:\/\/bikebenefits.se\/en\/wp-json\/wp\/v2\/users\/1"}],"replies":[{"embeddable":true,"href":"https:\/\/bikebenefits.se\/en\/wp-json\/wp\/v2\/comments?post=746"}],"version-history":[{"count":10,"href":"https:\/\/bikebenefits.se\/en\/wp-json\/wp\/v2\/pages\/746\/revisions"}],"predecessor-version":[{"id":1511,"href":"https:\/\/bikebenefits.se\/en\/wp-json\/wp\/v2\/pages\/746\/revisions\/1511"}],"wp:attachment":[{"href":"https:\/\/bikebenefits.se\/en\/wp-json\/wp\/v2\/media?parent=746"}],"curies":[{"name":"wp","href":"https:\/\/api.w.org\/{rel}","templated":true}]}}