{"id":423,"date":"2023-09-01T17:41:54","date_gmt":"2023-09-01T17:41:54","guid":{"rendered":"https:\/\/bikebenefits.se\/?page_id=423"},"modified":"2024-12-20T15:34:42","modified_gmt":"2024-12-20T14:34:42","slug":"hallbarhet","status":"publish","type":"page","link":"https:\/\/bikebenefits.se\/en\/hallbarhet\/","title":{"rendered":"H\u00e5llbarhet"},"content":{"rendered":"<p>[et_pb_section fb_built=&#8221;1&#8243; _builder_version=&#8221;4.22.2&#8243; _module_preset=&#8221;default&#8221; use_background_color_gradient=&#8221;on&#8221; background_color_gradient_type=&#8221;elliptical&#8221; background_color_gradient_stops=&#8221;rgba(72,141,125,0.15) 0%|rgba(0,0,0,0.79) 88%&#8221; background_image=&#8221;https:\/\/bikebenefits.se\/wp-content\/uploads\/2023\/10\/Ecoride-2021-Loader-M5-12-min-scaled.jpg&#8221; background_position=&#8221;top_center&#8221; background_blend=&#8221;multiply&#8221; custom_margin=&#8221;-150px||||false|false&#8221; custom_margin_tablet=&#8221;-100px||||false|false&#8221; custom_margin_phone=&#8221;-100px||||false|false&#8221; custom_margin_last_edited=&#8221;on|tablet&#8221; custom_padding=&#8221;15%||5%||false|false&#8221; da_disable_devices=&#8221;off|off|off&#8221; global_colors_info=&#8221;{}&#8221; da_is_popup=&#8221;off&#8221; da_exit_intent=&#8221;off&#8221; da_has_close=&#8221;on&#8221; da_alt_close=&#8221;off&#8221; da_dark_close=&#8221;off&#8221; da_not_modal=&#8221;on&#8221; da_is_singular=&#8221;off&#8221; da_with_loader=&#8221;off&#8221; da_has_shadow=&#8221;on&#8221;][et_pb_row column_structure=&#8221;3_4,1_4&#8243; _builder_version=&#8221;4.22.1&#8243; _module_preset=&#8221;default&#8221; max_width=&#8221;100%&#8221; custom_margin_tablet=&#8221;&#8221; custom_margin_phone=&#8221;100px||||false|false&#8221; custom_margin_last_edited=&#8221;on|phone&#8221; custom_padding=&#8221;||3px|||&#8221; global_colors_info=&#8221;{}&#8221;][et_pb_column type=&#8221;3_4&#8243; _builder_version=&#8221;4.22.1&#8243; _module_preset=&#8221;default&#8221; global_colors_info=&#8221;{}&#8221;][et_pb_text _builder_version=&#8221;4.22.2&#8243; _module_preset=&#8221;default&#8221; text_text_color=&#8221;#FFFFFF&#8221; text_font_size=&#8221;17px&#8221; text_letter_spacing=&#8221;1px&#8221; header_font=&#8221;||||||||&#8221; header_text_color=&#8221;#FFFFFF&#8221; header_font_size=&#8221;64px&#8221; header_letter_spacing=&#8221;-3px&#8221; custom_margin=&#8221;||10px||false|false&#8221; header_font_size_tablet=&#8221;75px&#8221; header_font_size_phone=&#8221;38px&#8221; header_font_size_last_edited=&#8221;on|desktop&#8221; header_text_shadow_style=&#8221;preset1&#8243; global_colors_info=&#8221;{}&#8221;]<\/p>\n<p>H\u00c5LLBARHET<\/p>\n<p>[\/et_pb_text][et_pb_text _builder_version=&#8221;4.22.2&#8243; _module_preset=&#8221;default&#8221; header_font=&#8221;||||||||&#8221; header_text_color=&#8221;#FFFFFF&#8221; header_font_size=&#8221;64px&#8221; header_letter_spacing=&#8221;-3px&#8221; custom_margin=&#8221;||11px|||&#8221; header_font_size_tablet=&#8221;75px&#8221; header_font_size_phone=&#8221;38px&#8221; header_font_size_last_edited=&#8221;on|desktop&#8221; header_text_shadow_style=&#8221;preset1&#8243; global_colors_info=&#8221;{}&#8221;]<\/p>\n<h1>En mer h\u00e5llbar livsstil<\/h1>\n<p>[\/et_pb_text][et_pb_text _builder_version=&#8221;4.22.2&#8243; _module_preset=&#8221;default&#8221; text_font=&#8221;||||||||&#8221; text_text_color=&#8221;#FFFFFF&#8221; text_font_size=&#8221;25px&#8221; text_line_height=&#8221;1.2em&#8221; custom_margin=&#8221;||5px||false|false&#8221; custom_margin_tablet=&#8221;||0px||false|false&#8221; custom_margin_phone=&#8221;||0px||false|false&#8221; custom_margin_last_edited=&#8221;on|phone&#8221; text_font_size_tablet=&#8221;27px&#8221; text_font_size_phone=&#8221;20px&#8221; text_font_size_last_edited=&#8221;on|desktop&#8221; text_text_shadow_style=&#8221;preset3&#8243; global_colors_info=&#8221;{}&#8221;]<\/p>\n<p><span>L\u00e5t oss ber\u00e4tta varf\u00f6r cykling \u00e4r nyckeln till en gr\u00f6nare och med h\u00e5llbar framtid.<\/span><\/p>\n<p>[\/et_pb_text][\/et_pb_column][et_pb_column type=&#8221;1_4&#8243; _builder_version=&#8221;4.22.1&#8243; _module_preset=&#8221;default&#8221; global_colors_info=&#8221;{}&#8221;][\/et_pb_column][\/et_pb_row][et_pb_row custom_padding_last_edited=&#8221;on|phone&#8221; module_class=&#8221;btn-inline&#8221; _builder_version=&#8221;4.22.1&#8243; _module_preset=&#8221;default&#8221; max_width=&#8221;100%&#8221; custom_margin=&#8221;0px||||false|false&#8221; custom_margin_tablet=&#8221;0px||||false|false&#8221; custom_margin_phone=&#8221;0px||||false|false&#8221; custom_margin_last_edited=&#8221;on|desktop&#8221; custom_padding=&#8221;||0px|||&#8221; custom_padding_tablet=&#8221;||37px|||&#8221; custom_padding_phone=&#8221;0px||57px||false|false&#8221; global_colors_info=&#8221;{}&#8221;][et_pb_column type=&#8221;4_4&#8243; _builder_version=&#8221;4.22.1&#8243; _module_preset=&#8221;default&#8221; global_colors_info=&#8221;{}&#8221;][et_pb_button button_url=&#8221;#utbud&#8221; button_text=&#8221;Se v\u00e5rt utbud&#8221; module_class=&#8221;btn-inline&#8221; _builder_version=&#8221;4.27.4&#8243; _module_preset=&#8221;default&#8221; custom_button=&#8221;on&#8221; button_text_size=&#8221;18px&#8221; button_text_color=&#8221;#FFFFFF&#8221; button_bg_color=&#8221;#488d7d&#8221; button_border_width=&#8221;0px&#8221; button_border_radius=&#8221;50px&#8221; button_font=&#8221;&#8211;et_global_heading_font||||||||&#8221; button_icon=&#8221;&#x33;||divi||400&#8243; custom_margin=&#8221;||30px|||&#8221; custom_padding=&#8221;10px|25px|10px|25px|true|false&#8221; hover_enabled=&#8221;0&#8243; global_colors_info=&#8221;{}&#8221; custom_padding__hover_enabled=&#8221;on|hover&#8221; custom_padding__hover=&#8221;|54px|||true|false&#8221; button_bg_color__hover_enabled=&#8221;on|hover&#8221; button_bg_color__hover=&#8221;#FFFFFF&#8221; button_bg_enable_color__hover=&#8221;on&#8221; button_text_color__hover_enabled=&#8221;on|hover&#8221; button_text_color__hover=&#8221;#488D7D&#8221; sticky_enabled=&#8221;0&#8243;][\/et_pb_button][\/et_pb_column][\/et_pb_row][\/et_pb_section][et_pb_section fb_built=&#8221;1&#8243; module_id=&#8221;utbud&#8221; _builder_version=&#8221;4.22.1&#8243; _module_preset=&#8221;default&#8221; background_color=&#8221;#f2f2f2&#8243; custom_padding=&#8221;1px||16px|||&#8221; da_disable_devices=&#8221;off|off|off&#8221; global_colors_info=&#8221;{}&#8221; da_is_popup=&#8221;off&#8221; da_exit_intent=&#8221;off&#8221; da_has_close=&#8221;on&#8221; da_alt_close=&#8221;off&#8221; da_dark_close=&#8221;off&#8221; da_not_modal=&#8221;on&#8221; da_is_singular=&#8221;off&#8221; da_with_loader=&#8221;off&#8221; da_has_shadow=&#8221;on&#8221;][et_pb_row column_structure=&#8221;1_2,1_2&#8243; _builder_version=&#8221;4.24.0&#8243; _module_preset=&#8221;default&#8221; background_color=&#8221;#FFFFFF&#8221; width=&#8221;100%&#8221; max_width=&#8221;100%&#8221; custom_margin=&#8221;-6px|auto|-17px|auto|false|false&#8221; custom_margin_tablet=&#8221;0px|auto|48px|auto|false|false&#8221; custom_margin_phone=&#8221;0px|auto|48px|auto|false|false&#8221; custom_margin_last_edited=&#8221;on|phone&#8221; custom_padding=&#8221;0px||0px|||&#8221; animation_style=&#8221;fade&#8221; box_shadow_style=&#8221;preset3&#8243; global_colors_info=&#8221;{}&#8221;][et_pb_column type=&#8221;1_2&#8243; _builder_version=&#8221;4.24.0&#8243; _module_preset=&#8221;default&#8221; background_image=&#8221;https:\/\/bikebenefits.se\/wp-content\/uploads\/2023\/09\/YQC368__02Crescent-Starren-sparvagn-scaled.jpg&#8221; global_colors_info=&#8221;{}&#8221;][et_pb_divider show_divider=&#8221;off&#8221; _builder_version=&#8221;4.22.1&#8243; _module_preset=&#8221;default&#8221; custom_padding=&#8221;222px||222px||true|false&#8221; global_colors_info=&#8221;{}&#8221;][\/et_pb_divider][\/et_pb_column][et_pb_column type=&#8221;1_2&#8243; _builder_version=&#8221;4.22.1&#8243; _module_preset=&#8221;default&#8221; global_colors_info=&#8221;{}&#8221;][et_pb_text content_tablet=&#8221;<\/p>\n<h2>Stort utbud av kvalitetscyklar<\/h2>\n<h2>\u2013 f\u00e4rdigmonterade hos din lokala cykelhandlare<\/h2>\n<p>Vi har cyklar f\u00f6r dina behov och verksamhet. Och det b\u00e4sta av allt \u00e4r att det \u00e4r otroligt enkelt f\u00f6r dig att komma ig\u00e5ng med dina nya vanor!<\/p>\n<p>&#8221; content_phone=&#8221;<\/p>\n<h2>Stort utbud av kvalitetscyklar \u2013 f\u00e4rdigmonterade hos din lokala cykelhandlare<\/h2>\n<p>Vi har cyklar f\u00f6r dina behov och verksamhet. Och det b\u00e4sta av allt \u00e4r att det \u00e4r otroligt enkelt f\u00f6r dig att komma ig\u00e5ng med dina nya vanor!<\/p>\n<p>&#8221; content_last_edited=&#8221;off|desktop&#8221; _builder_version=&#8221;4.24.0&#8243; _module_preset=&#8221;default&#8221; text_font_size=&#8221;17px&#8221; text_line_height=&#8221;1.4em&#8221; header_text_align=&#8221;left&#8221; header_line_height=&#8221;1.4em&#8221; header_2_font=&#8221;||||||||&#8221; header_2_text_align=&#8221;left&#8221; header_2_font_size=&#8221;31px&#8221; header_2_letter_spacing=&#8221;-1px&#8221; width_tablet=&#8221;70%&#8221; width_phone=&#8221;100%&#8221; width_last_edited=&#8221;on|phone&#8221; module_alignment=&#8221;left&#8221; custom_padding=&#8221;158px|113px|51px|5px||&#8221; custom_padding_tablet=&#8221;76px|40px|51px|40px||&#8221; custom_padding_phone=&#8221;0px|40px|51px|40px|false|false&#8221; custom_padding_last_edited=&#8221;on|phone&#8221; global_colors_info=&#8221;{}&#8221;]<\/p>\n<h2>F\u00f6rflytta dig milj\u00f6v\u00e4nligt<\/h2>\n<p>Vill du vara en del av f\u00f6r\u00e4ndringen mot en mer h\u00e5llbar v\u00e4rld och livsstil? D\u00e5 \u00e4r det dags att ta dig ut p\u00e5 tv\u00e5 hjul och uppt\u00e4cka alla fantastiska f\u00f6rdelar med cykling! Cykling \u00e4r faktiskt ett av de mest milj\u00f6v\u00e4nliga s\u00e4tten att f\u00f6rflytta sig p\u00e5. Genom att v\u00e4lja cykeln ist\u00e4llet f\u00f6r bilen minskar du ditt koldioxidavtryck och hj\u00e4lper till att bevara v\u00e5r vackra planet. L\u00e5t dina pedaltramp bli ett steg n\u00e4rmare en renare och mer h\u00e5llbar v\u00e4rld.<\/p>\n<p>[\/et_pb_text][\/et_pb_column][\/et_pb_row][\/et_pb_section][et_pb_section fb_built=&#8221;1&#8243; custom_padding_last_edited=&#8221;on|phone&#8221; _builder_version=&#8221;4.22.2&#8243; _module_preset=&#8221;default&#8221; background_color=&#8221;#232526&#8243; background_enable_image=&#8221;off&#8221; background_position=&#8221;top_right&#8221; background_vertical_offset=&#8221;70%&#8221; background_blend=&#8221;multiply&#8221; custom_padding=&#8221;108px||127px||false|&#8221; custom_padding_tablet=&#8221;108px||127px||false|&#8221; custom_padding_phone=&#8221;30px||30px||true|false&#8221; da_disable_devices=&#8221;off|off|off&#8221; global_colors_info=&#8221;{}&#8221; da_is_popup=&#8221;off&#8221; da_exit_intent=&#8221;off&#8221; da_has_close=&#8221;on&#8221; da_alt_close=&#8221;off&#8221; da_dark_close=&#8221;off&#8221; da_not_modal=&#8221;on&#8221; da_is_singular=&#8221;off&#8221; da_with_loader=&#8221;off&#8221; da_has_shadow=&#8221;on&#8221;][et_pb_row _builder_version=&#8221;4.22.1&#8243; _module_preset=&#8221;default&#8221; custom_margin=&#8221;10px|auto||auto||&#8221; animation_style=&#8221;fade&#8221; animation_duration=&#8221;850ms&#8221; global_colors_info=&#8221;{}&#8221;][et_pb_column type=&#8221;4_4&#8243; _builder_version=&#8221;4.22.1&#8243; _module_preset=&#8221;default&#8221; global_colors_info=&#8221;{}&#8221;][et_pb_divider show_divider=&#8221;off&#8221; _builder_version=&#8221;4.22.1&#8243; _module_preset=&#8221;default&#8221; global_colors_info=&#8221;{}&#8221;][\/et_pb_divider][et_pb_text content_tablet=&#8221;<\/p>\n<h2>Stort utbud av kvalitetscyklar<\/h2>\n<h2>\u2013 f\u00e4rdigmonterade hos din lokala cykelhandlare<\/h2>\n<p>Vi har cyklar f\u00f6r dina behov och verksamhet. Och det b\u00e4sta av allt \u00e4r att det \u00e4r otroligt enkelt f\u00f6r dig att komma ig\u00e5ng med dina nya vanor!<\/p>\n<p>&#8221; content_phone=&#8221;<\/p>\n<h2>G\u00f6r ett<br \/>samh\u00e4llsnyttigt val<\/h2>\n<p><span>Genom att v\u00e4lja cykeln bidrar du till att minska trafikstockningar och f\u00f6rb\u00e4ttrar luftkvaliteten i ditt samh\u00e4lle. Dessutom minskar du behovet av parkerings-utrymmen, vilket kan anv\u00e4ndas f\u00f6r gr\u00f6nomr\u00e5den eller andra \u00e4ndam\u00e5l. Du blir en del av en positiv f\u00f6r\u00e4ndring i ditt n\u00e4romr\u00e5de.<\/span><\/p>\n<p>&#8221; content_last_edited=&#8221;on|phone&#8221; _builder_version=&#8221;4.24.0&#8243; _module_preset=&#8221;default&#8221; text_text_color=&#8221;#FFFFFF&#8221; text_font_size=&#8221;17px&#8221; text_line_height=&#8221;1.4em&#8221; header_2_font=&#8221;|600|||||||&#8221; header_2_text_align=&#8221;center&#8221; header_2_text_color=&#8221;#FFFFFF&#8221; header_2_font_size=&#8221;31px&#8221; header_2_letter_spacing=&#8221;-1px&#8221; text_orientation=&#8221;center&#8221; width=&#8221;70%&#8221; width_tablet=&#8221;70%&#8221; width_phone=&#8221;100%&#8221; width_last_edited=&#8221;on|phone&#8221; module_alignment=&#8221;center&#8221; header_2_font_size_tablet=&#8221;31px&#8221; header_2_font_size_phone=&#8221;35px&#8221; header_2_font_size_last_edited=&#8221;on|phone&#8221; header_2_line_height_tablet=&#8221;&#8221; header_2_line_height_phone=&#8221;1em&#8221; header_2_line_height_last_edited=&#8221;on|phone&#8221; header_2_text_shadow_style=&#8221;preset3&#8243; header_2_text_shadow_blur_strength=&#8221;0.69em&#8221; header_2_text_shadow_color=&#8221;rgba(0,0,0,0.09)&#8221; global_colors_info=&#8221;{}&#8221;]<\/p>\n<h2>G\u00f6r ett samh\u00e4llsnyttigt val<\/h2>\n<p>Genom att v\u00e4lja cykeln bidrar du till att minska trafikstockningar och f\u00f6rb\u00e4ttrar luftkvaliteten i ditt samh\u00e4lle. Dessutom minskar du behovet av parkeringsutrymmen, vilket kan anv\u00e4ndas f\u00f6r gr\u00f6nomr\u00e5den eller andra \u00e4ndam\u00e5l. Du blir en del av en positiv f\u00f6r\u00e4ndring i ditt n\u00e4romr\u00e5de.<\/p>\n<p>[\/et_pb_text][\/et_pb_column][\/et_pb_row][\/et_pb_section][et_pb_section fb_built=&#8221;1&#8243; _builder_version=&#8221;4.22.1&#8243; _module_preset=&#8221;default&#8221; custom_padding=&#8221;0px||0px|||&#8221; da_disable_devices=&#8221;off|off|off&#8221; global_colors_info=&#8221;{}&#8221; da_is_popup=&#8221;off&#8221; da_exit_intent=&#8221;off&#8221; da_has_close=&#8221;on&#8221; da_alt_close=&#8221;off&#8221; da_dark_close=&#8221;off&#8221; da_not_modal=&#8221;on&#8221; da_is_singular=&#8221;off&#8221; da_with_loader=&#8221;off&#8221; da_has_shadow=&#8221;on&#8221;][et_pb_row column_structure=&#8221;1_2,1_2&#8243; _builder_version=&#8221;4.22.2&#8243; _module_preset=&#8221;default&#8221; background_color=&#8221;#FFFFFF&#8221; width=&#8221;100%&#8221; max_width=&#8221;100%&#8221; custom_margin=&#8221;0px|auto|13px|auto|false|false&#8221; custom_padding=&#8221;0px||0px|||&#8221; animation_style=&#8221;fade&#8221; box_shadow_style=&#8221;preset3&#8243; global_colors_info=&#8221;{}&#8221;][et_pb_column type=&#8221;1_2&#8243; _builder_version=&#8221;4.22.1&#8243; _module_preset=&#8221;default&#8221; global_colors_info=&#8221;{}&#8221;][et_pb_text content_tablet=&#8221;<\/p>\n<h2>Stort utbud av kvalitetscyklar<\/h2>\n<h2>\u2013 f\u00e4rdigmonterade hos din lokala cykelhandlare<\/h2>\n<p>Vi har cyklar f\u00f6r dina behov och verksamhet. Och det b\u00e4sta av allt \u00e4r att det \u00e4r otroligt enkelt f\u00f6r dig att komma ig\u00e5ng med dina nya vanor!<\/p>\n<p>&#8221; content_phone=&#8221;<\/p>\n<h2>Stort utbud av kvalitetscyklar \u2013 f\u00e4rdigmonterade hos din lokala cykelhandlare<\/h2>\n<p>Vi har cyklar f\u00f6r dina behov och verksamhet. Och det b\u00e4sta av allt \u00e4r att det \u00e4r otroligt enkelt f\u00f6r dig att komma ig\u00e5ng med dina nya vanor!<\/p>\n<p>&#8221; content_last_edited=&#8221;off|desktop&#8221; _builder_version=&#8221;4.24.0&#8243; _module_preset=&#8221;default&#8221; text_font_size=&#8221;17px&#8221; text_line_height=&#8221;1.4em&#8221; header_text_align=&#8221;left&#8221; header_2_font=&#8221;||||||||&#8221; header_2_text_align=&#8221;left&#8221; header_2_font_size=&#8221;31px&#8221; header_2_letter_spacing=&#8221;-1px&#8221; width_tablet=&#8221;70%&#8221; width_phone=&#8221;100%&#8221; width_last_edited=&#8221;on|phone&#8221; module_alignment=&#8221;left&#8221; custom_padding=&#8221;154px|10px|74px|109px||&#8221; custom_padding_tablet=&#8221;72px|10px|50px|40px||&#8221; custom_padding_phone=&#8221;50px|10px|20px|40px|false|false&#8221; custom_padding_last_edited=&#8221;on|phone&#8221; global_colors_info=&#8221;{}&#8221;]<\/p>\n<h2>Ett smartare och billigare val<\/h2>\n<p>Att leasa en cykel \u00e4r betydligt billigare \u00e4n att leasa en bil. Du sparar p\u00e5 br\u00e4nsle, parkeringsavgifter och underh\u00e5llskostnader. Med pengarna du sparar kan du investera i andra h\u00e5llbara val f\u00f6r din livsstil. B\u00f6rja cykla idag och ta stegen mot en mer h\u00e5llbar, h\u00e4lsosam och ekonomiskt f\u00f6rdelaktig livsstil. Tillsammans kan vi g\u00f6ra skillnad och skapa en b\u00e4ttre morgondag!<\/p>\n<p>[\/et_pb_text][\/et_pb_column][et_pb_column type=&#8221;1_2&#8243; _builder_version=&#8221;4.22.2&#8243; _module_preset=&#8221;default&#8221; background_image=&#8221;https:\/\/bikebenefits.se\/wp-content\/uploads\/2023\/10\/251-BK10-10-min-scaled.jpg&#8221; global_colors_info=&#8221;{}&#8221;][et_pb_divider show_divider=&#8221;off&#8221; _builder_version=&#8221;4.22.1&#8243; _module_preset=&#8221;default&#8221; custom_padding=&#8221;221px||221px||true|false&#8221; global_colors_info=&#8221;{}&#8221;][\/et_pb_divider][\/et_pb_column][\/et_pb_row][\/et_pb_section]<\/p>\n","protected":false},"excerpt":{"rendered":"<p>H\u00c5LLBARHETEn mer h\u00e5llbar livsstilL\u00e5t oss ber\u00e4tta varf\u00f6r cykling \u00e4r nyckeln till en gr\u00f6nare och med h\u00e5llbar framtid.F\u00f6rflytta dig milj\u00f6v\u00e4nligt Vill du vara en del av f\u00f6r\u00e4ndringen mot en mer h\u00e5llbar v\u00e4rld och livsstil? D\u00e5 \u00e4r det dags att ta dig ut p\u00e5 tv\u00e5 hjul och uppt\u00e4cka alla fantastiska f\u00f6rdelar med cykling! Cykling \u00e4r faktiskt ett [&hellip;]<\/p>\n","protected":false},"author":1,"featured_media":0,"parent":0,"menu_order":0,"comment_status":"closed","ping_status":"closed","template":"","meta":{"_et_pb_use_builder":"on","_et_pb_old_content":"","_et_gb_content_width":"","footnotes":""},"class_list":["post-423","page","type-page","status-publish","hentry"],"yoast_head":"<!-- This site is optimized with the Yoast SEO plugin v27.5 - https:\/\/yoast.com\/product\/yoast-seo-wordpress\/ -->\n<title>H\u00e5llbarhet - Bike benefits<\/title>\n<meta name=\"robots\" content=\"index, follow, max-snippet:-1, max-image-preview:large, max-video-preview:-1\" \/>\n<link rel=\"canonical\" href=\"https:\/\/bikebenefits.se\/en\/hallbarhet\/\" \/>\n<meta property=\"og:locale\" content=\"en_GB\" \/>\n<meta property=\"og:type\" content=\"article\" \/>\n<meta property=\"og:title\" content=\"H\u00e5llbarhet - Bike benefits\" \/>\n<meta property=\"og:description\" content=\"H\u00c5LLBARHETEn mer h\u00e5llbar livsstilL\u00e5t oss ber\u00e4tta varf\u00f6r cykling \u00e4r nyckeln till en gr\u00f6nare och med h\u00e5llbar framtid.F\u00f6rflytta dig milj\u00f6v\u00e4nligt Vill du vara en del av f\u00f6r\u00e4ndringen mot en mer h\u00e5llbar v\u00e4rld och livsstil? D\u00e5 \u00e4r det dags att ta dig ut p\u00e5 tv\u00e5 hjul och uppt\u00e4cka alla fantastiska f\u00f6rdelar med cykling! Cykling \u00e4r faktiskt ett [&hellip;]\" \/>\n<meta property=\"og:url\" content=\"https:\/\/bikebenefits.se\/en\/hallbarhet\/\" \/>\n<meta property=\"og:site_name\" content=\"Bike benefits\" \/>\n<meta property=\"article:publisher\" content=\"https:\/\/www.facebook.com\/bikebenefitssverige\" \/>\n<meta property=\"article:modified_time\" content=\"2024-12-20T14:34:42+00:00\" \/>\n<meta name=\"twitter:card\" content=\"summary_large_image\" \/>\n<meta name=\"twitter:label1\" content=\"Estimated reading time\" \/>\n\t<meta name=\"twitter:data1\" content=\"10 minutes\" \/>\n<script type=\"application\/ld+json\" class=\"yoast-schema-graph\">{\"@context\":\"https:\\\/\\\/schema.org\",\"@graph\":[{\"@type\":\"WebPage\",\"@id\":\"https:\\\/\\\/bikebenefits.se\\\/hallbarhet\\\/\",\"url\":\"https:\\\/\\\/bikebenefits.se\\\/hallbarhet\\\/\",\"name\":\"H\u00e5llbarhet - Bike benefits\",\"isPartOf\":{\"@id\":\"https:\\\/\\\/bikebenefits.se\\\/#website\"},\"datePublished\":\"2023-09-01T17:41:54+00:00\",\"dateModified\":\"2024-12-20T14:34:42+00:00\",\"breadcrumb\":{\"@id\":\"https:\\\/\\\/bikebenefits.se\\\/hallbarhet\\\/#breadcrumb\"},\"inLanguage\":\"en-GB\",\"potentialAction\":[{\"@type\":\"ReadAction\",\"target\":[\"https:\\\/\\\/bikebenefits.se\\\/hallbarhet\\\/\"]}]},{\"@type\":\"BreadcrumbList\",\"@id\":\"https:\\\/\\\/bikebenefits.se\\\/hallbarhet\\\/#breadcrumb\",\"itemListElement\":[{\"@type\":\"ListItem\",\"position\":1,\"name\":\"Hem\",\"item\":\"https:\\\/\\\/bikebenefits.se\\\/\"},{\"@type\":\"ListItem\",\"position\":2,\"name\":\"H\u00e5llbarhet\"}]},{\"@type\":\"WebSite\",\"@id\":\"https:\\\/\\\/bikebenefits.se\\\/#website\",\"url\":\"https:\\\/\\\/bikebenefits.se\\\/\",\"name\":\"Bike benefits\",\"description\":\"F\u00f6rm\u00e5nscyklar f\u00f6r en h\u00e5llbar livsstil\",\"publisher\":{\"@id\":\"https:\\\/\\\/bikebenefits.se\\\/#organization\"},\"potentialAction\":[{\"@type\":\"SearchAction\",\"target\":{\"@type\":\"EntryPoint\",\"urlTemplate\":\"https:\\\/\\\/bikebenefits.se\\\/?s={search_term_string}\"},\"query-input\":{\"@type\":\"PropertyValueSpecification\",\"valueRequired\":true,\"valueName\":\"search_term_string\"}}],\"inLanguage\":\"en-GB\"},{\"@type\":\"Organization\",\"@id\":\"https:\\\/\\\/bikebenefits.se\\\/#organization\",\"name\":\"Bike benefits\",\"url\":\"https:\\\/\\\/bikebenefits.se\\\/\",\"logo\":{\"@type\":\"ImageObject\",\"inLanguage\":\"en-GB\",\"@id\":\"https:\\\/\\\/bikebenefits.se\\\/#\\\/schema\\\/logo\\\/image\\\/\",\"url\":\"https:\\\/\\\/bikebenefits.se\\\/wp-content\\\/uploads\\\/2024\\\/02\\\/bikebenefits-black-tagline.png\",\"contentUrl\":\"https:\\\/\\\/bikebenefits.se\\\/wp-content\\\/uploads\\\/2024\\\/02\\\/bikebenefits-black-tagline.png\",\"width\":1200,\"height\":521,\"caption\":\"Bike benefits\"},\"image\":{\"@id\":\"https:\\\/\\\/bikebenefits.se\\\/#\\\/schema\\\/logo\\\/image\\\/\"},\"sameAs\":[\"https:\\\/\\\/www.facebook.com\\\/bikebenefitssverige\",\"https:\\\/\\\/www.instagram.com\\\/bikebenefits\"]}]}<\/script>\n<!-- \/ Yoast SEO plugin. -->","yoast_head_json":{"title":"H\u00e5llbarhet - Bike benefits","robots":{"index":"index","follow":"follow","max-snippet":"max-snippet:-1","max-image-preview":"max-image-preview:large","max-video-preview":"max-video-preview:-1"},"canonical":"https:\/\/bikebenefits.se\/en\/hallbarhet\/","og_locale":"en_GB","og_type":"article","og_title":"H\u00e5llbarhet - Bike benefits","og_description":"H\u00c5LLBARHETEn mer h\u00e5llbar livsstilL\u00e5t oss ber\u00e4tta varf\u00f6r cykling \u00e4r nyckeln till en gr\u00f6nare och med h\u00e5llbar framtid.F\u00f6rflytta dig milj\u00f6v\u00e4nligt Vill du vara en del av f\u00f6r\u00e4ndringen mot en mer h\u00e5llbar v\u00e4rld och livsstil? D\u00e5 \u00e4r det dags att ta dig ut p\u00e5 tv\u00e5 hjul och uppt\u00e4cka alla fantastiska f\u00f6rdelar med cykling! Cykling \u00e4r faktiskt ett [&hellip;]","og_url":"https:\/\/bikebenefits.se\/en\/hallbarhet\/","og_site_name":"Bike benefits","article_publisher":"https:\/\/www.facebook.com\/bikebenefitssverige","article_modified_time":"2024-12-20T14:34:42+00:00","twitter_card":"summary_large_image","twitter_misc":{"Estimated reading time":"10 minutes"},"schema":{"@context":"https:\/\/schema.org","@graph":[{"@type":"WebPage","@id":"https:\/\/bikebenefits.se\/hallbarhet\/","url":"https:\/\/bikebenefits.se\/hallbarhet\/","name":"H\u00e5llbarhet - Bike benefits","isPartOf":{"@id":"https:\/\/bikebenefits.se\/#website"},"datePublished":"2023-09-01T17:41:54+00:00","dateModified":"2024-12-20T14:34:42+00:00","breadcrumb":{"@id":"https:\/\/bikebenefits.se\/hallbarhet\/#breadcrumb"},"inLanguage":"en-GB","potentialAction":[{"@type":"ReadAction","target":["https:\/\/bikebenefits.se\/hallbarhet\/"]}]},{"@type":"BreadcrumbList","@id":"https:\/\/bikebenefits.se\/hallbarhet\/#breadcrumb","itemListElement":[{"@type":"ListItem","position":1,"name":"Hem","item":"https:\/\/bikebenefits.se\/"},{"@type":"ListItem","position":2,"name":"H\u00e5llbarhet"}]},{"@type":"WebSite","@id":"https:\/\/bikebenefits.se\/#website","url":"https:\/\/bikebenefits.se\/","name":"Bike benefits","description":"F\u00f6rm\u00e5nscyklar f\u00f6r en h\u00e5llbar livsstil","publisher":{"@id":"https:\/\/bikebenefits.se\/#organization"},"potentialAction":[{"@type":"SearchAction","target":{"@type":"EntryPoint","urlTemplate":"https:\/\/bikebenefits.se\/?s={search_term_string}"},"query-input":{"@type":"PropertyValueSpecification","valueRequired":true,"valueName":"search_term_string"}}],"inLanguage":"en-GB"},{"@type":"Organization","@id":"https:\/\/bikebenefits.se\/#organization","name":"Bike benefits","url":"https:\/\/bikebenefits.se\/","logo":{"@type":"ImageObject","inLanguage":"en-GB","@id":"https:\/\/bikebenefits.se\/#\/schema\/logo\/image\/","url":"https:\/\/bikebenefits.se\/wp-content\/uploads\/2024\/02\/bikebenefits-black-tagline.png","contentUrl":"https:\/\/bikebenefits.se\/wp-content\/uploads\/2024\/02\/bikebenefits-black-tagline.png","width":1200,"height":521,"caption":"Bike benefits"},"image":{"@id":"https:\/\/bikebenefits.se\/#\/schema\/logo\/image\/"},"sameAs":["https:\/\/www.facebook.com\/bikebenefitssverige","https:\/\/www.instagram.com\/bikebenefits"]}]}},"_links":{"self":[{"href":"https:\/\/bikebenefits.se\/en\/wp-json\/wp\/v2\/pages\/423","targetHints":{"allow":["GET"]}}],"collection":[{"href":"https:\/\/bikebenefits.se\/en\/wp-json\/wp\/v2\/pages"}],"about":[{"href":"https:\/\/bikebenefits.se\/en\/wp-json\/wp\/v2\/types\/page"}],"author":[{"embeddable":true,"href":"https:\/\/bikebenefits.se\/en\/wp-json\/wp\/v2\/users\/1"}],"replies":[{"embeddable":true,"href":"https:\/\/bikebenefits.se\/en\/wp-json\/wp\/v2\/comments?post=423"}],"version-history":[{"count":12,"href":"https:\/\/bikebenefits.se\/en\/wp-json\/wp\/v2\/pages\/423\/revisions"}],"predecessor-version":[{"id":1521,"href":"https:\/\/bikebenefits.se\/en\/wp-json\/wp\/v2\/pages\/423\/revisions\/1521"}],"wp:attachment":[{"href":"https:\/\/bikebenefits.se\/en\/wp-json\/wp\/v2\/media?parent=423"}],"curies":[{"name":"wp","href":"https:\/\/api.w.org\/{rel}","templated":true}]}}