{"id":1283,"date":"2024-02-09T08:59:07","date_gmt":"2024-02-09T07:59:07","guid":{"rendered":"https:\/\/bikebenefits.se\/?page_id=1283"},"modified":"2024-12-20T15:20:13","modified_gmt":"2024-12-20T14:20:13","slug":"links","status":"publish","type":"page","link":"https:\/\/bikebenefits.se\/en\/links\/","title":{"rendered":"Links"},"content":{"rendered":"<p>[et_pb_section fb_built=&#8221;1&#8243; admin_label=&#8221;Section&#8221; module_id=&#8221;hallbarhet&#8221; _builder_version=&#8221;4.24.0&#8243; _module_preset=&#8221;default&#8221; custom_margin=&#8221;20px||||false|false&#8221; custom_padding=&#8221;35px||40px|||&#8221; da_popup_slug=&#8221;hallbarhet&#8221; da_disable_devices=&#8221;off|off|off&#8221; global_colors_info=&#8221;{}&#8221; da_is_popup=&#8221;off&#8221; da_exit_intent=&#8221;off&#8221; da_has_close=&#8221;on&#8221; da_alt_close=&#8221;off&#8221; da_dark_close=&#8221;off&#8221; da_not_modal=&#8221;on&#8221; da_is_singular=&#8221;off&#8221; da_with_loader=&#8221;off&#8221; da_has_shadow=&#8221;on&#8221;][et_pb_row _builder_version=&#8221;4.24.0&#8243; _module_preset=&#8221;default&#8221; custom_padding=&#8221;0px|||||&#8221; global_colors_info=&#8221;{}&#8221;][et_pb_column type=&#8221;4_4&#8243; _builder_version=&#8221;4.22.2&#8243; _module_preset=&#8221;default&#8221; global_colors_info=&#8221;{}&#8221;][et_pb_text _builder_version=&#8221;4.24.0&#8243; _module_preset=&#8221;default&#8221; text_font_size=&#8221;16px&#8221; header_2_font_size=&#8221;30px&#8221; custom_margin=&#8221;18px||25px||false|false&#8221; custom_padding=&#8221;|15px||15px|false|true&#8221; header_2_font_size_tablet=&#8221;30px&#8221; header_2_font_size_phone=&#8221;25px&#8221; header_2_font_size_last_edited=&#8221;on|tablet&#8221; global_colors_info=&#8221;{}&#8221;]<\/p>\n<div>\n<div>\n<h2 style=\"text-align: center;\">En mer h\u00e5llbar livsstil<\/h2>\n<p style=\"text-align: center;\">L\u00e5t oss ber\u00e4tta varf\u00f6r cykling \u00e4r nyckeln till en gr\u00f6nare och med h\u00e5llbar framtid.<\/p>\n<\/div>\n<\/div>\n<p>[\/et_pb_text][et_pb_button button_url=&#8221;@ET-DC@eyJkeW5hbWljIjp0cnVlLCJjb250ZW50IjoicG9zdF9saW5rX3VybF9wYWdlIiwic2V0dGluZ3MiOnsicG9zdF9pZCI6Ijg5In19@&#8221; button_text=&#8221;F\u00f6r dig som medarbetare&#8221; button_alignment=&#8221;center&#8221; _builder_version=&#8221;4.27.4&#8243; _dynamic_attributes=&#8221;button_url&#8221; _module_preset=&#8221;default&#8221; custom_button=&#8221;on&#8221; button_text_size=&#8221;18px&#8221; button_text_color=&#8221;#FFFFFF&#8221; button_bg_color=&#8221;#232526&#8243; button_border_width=&#8221;0px&#8221; button_border_radius=&#8221;50px&#8221; button_font=&#8221;&#8211;et_global_heading_font||||||||&#8221; custom_padding=&#8221;20px|100px|20px|100px|true|true&#8221; custom_padding_tablet=&#8221;20px|50px|20px|50px|true|true&#8221; custom_padding_phone=&#8221;|50px||50px|true|true&#8221; custom_padding_last_edited=&#8221;on|tablet&#8221; global_colors_info=&#8221;{}&#8221; custom_padding__hover_enabled=&#8221;on|desktop&#8221; custom_padding__hover=&#8221;|54px|||true|false&#8221; button_bg_color__hover_enabled=&#8221;on|desktop&#8221; button_bg_color__hover=&#8221;#488D7D&#8221; button_bg_enable_color__hover=&#8221;on&#8221; button_text_color__hover_enabled=&#8221;on|hover&#8221; button_text_color__hover=&#8221;#FFFFFF&#8221; button_icon_color__hover_enabled=&#8221;on|desktop&#8221; button_icon_color__hover=&#8221;#FFFFFF&#8221;][\/et_pb_button][et_pb_button button_url=&#8221;@ET-DC@eyJkeW5hbWljIjp0cnVlLCJjb250ZW50IjoicG9zdF9saW5rX3VybF9wYWdlIiwic2V0dGluZ3MiOnsicG9zdF9pZCI6IjkxIn19@&#8221; button_text=&#8221;F\u00f6r dig som arbetsgivare&#8221; button_alignment=&#8221;center&#8221; _builder_version=&#8221;4.27.4&#8243; _dynamic_attributes=&#8221;button_url&#8221; _module_preset=&#8221;default&#8221; custom_button=&#8221;on&#8221; button_text_size=&#8221;18px&#8221; button_text_color=&#8221;#FFFFFF&#8221; button_bg_color=&#8221;#232526&#8243; button_border_width=&#8221;0px&#8221; button_border_radius=&#8221;50px&#8221; button_font=&#8221;&#8211;et_global_heading_font||||||||&#8221; custom_padding=&#8221;20px|100px|20px|100px|true|true&#8221; custom_padding_tablet=&#8221;20px|50px|20px|50px|true|true&#8221; custom_padding_phone=&#8221;|50px||50px|true|true&#8221; custom_padding_last_edited=&#8221;on|tablet&#8221; global_colors_info=&#8221;{}&#8221; custom_padding__hover_enabled=&#8221;on|desktop&#8221; custom_padding__hover=&#8221;|54px|||true|false&#8221; button_bg_color__hover_enabled=&#8221;on|desktop&#8221; button_bg_color__hover=&#8221;#488D7D&#8221; button_bg_enable_color__hover=&#8221;on&#8221; button_text_color__hover_enabled=&#8221;on|hover&#8221; button_text_color__hover=&#8221;#FFFFFF&#8221; button_icon_color__hover_enabled=&#8221;on|desktop&#8221; button_icon_color__hover=&#8221;#FFFFFF&#8221;][\/et_pb_button][et_pb_button button_url=&#8221;https:\/\/bikebenefits.se\/medarbetare\/#prisexempel&#8221; button_text=&#8221;Prisexempel&#8221; button_alignment=&#8221;center&#8221; _builder_version=&#8221;4.27.4&#8243; _module_preset=&#8221;default&#8221; custom_button=&#8221;on&#8221; button_text_size=&#8221;18px&#8221; button_text_color=&#8221;#FFFFFF&#8221; button_bg_color=&#8221;#232526&#8243; button_border_width=&#8221;0px&#8221; button_border_radius=&#8221;50px&#8221; button_font=&#8221;&#8211;et_global_heading_font||||||||&#8221; custom_padding=&#8221;20px|152px|20px|152px|true|true&#8221; custom_padding_tablet=&#8221;20px|100px|20px|100px|true|true&#8221; custom_padding_phone=&#8221;|100px||100px|true|true&#8221; custom_padding_last_edited=&#8221;on|phone&#8221; hover_enabled=&#8221;0&#8243; global_colors_info=&#8221;{}&#8221; custom_padding__hover_enabled=&#8221;off|hover&#8221; custom_padding__hover=&#8221;|153px||153px|true|true&#8221; button_bg_color__hover_enabled=&#8221;on|desktop&#8221; button_bg_color__hover=&#8221;#488D7D&#8221; button_bg_enable_color__hover=&#8221;on&#8221; button_text_color__hover_enabled=&#8221;on|hover&#8221; button_text_color__hover=&#8221;#FFFFFF&#8221; button_icon_color__hover_enabled=&#8221;on|desktop&#8221; button_icon_color__hover=&#8221;#FFFFFF&#8221; sticky_enabled=&#8221;0&#8243;][\/et_pb_button][et_pb_button button_url=&#8221;@ET-DC@eyJkeW5hbWljIjp0cnVlLCJjb250ZW50IjoicG9zdF9saW5rX3VybF9wYWdlIiwic2V0dGluZ3MiOnsicG9zdF9pZCI6Ijk3In19@&#8221; button_text=&#8221;Kontakta oss&#8221; button_alignment=&#8221;center&#8221; _builder_version=&#8221;4.27.4&#8243; _dynamic_attributes=&#8221;button_url&#8221; _module_preset=&#8221;default&#8221; custom_button=&#8221;on&#8221; button_text_size=&#8221;18px&#8221; button_text_color=&#8221;#FFFFFF&#8221; button_bg_color=&#8221;#232526&#8243; button_border_width=&#8221;0px&#8221; button_border_radius=&#8221;50px&#8221; button_font=&#8221;&#8211;et_global_heading_font||||||||&#8221; custom_padding=&#8221;20px|152px|20px|152px|true|true&#8221; custom_padding_tablet=&#8221;20px|100px|20px|100px|true|true&#8221; custom_padding_phone=&#8221;|100px||100px|true|true&#8221; custom_padding_last_edited=&#8221;on|phone&#8221; global_colors_info=&#8221;{}&#8221; custom_padding__hover_enabled=&#8221;off|hover&#8221; custom_padding__hover=&#8221;|153px||153px|true|true&#8221; button_bg_color__hover_enabled=&#8221;on|desktop&#8221; button_bg_color__hover=&#8221;#488D7D&#8221; button_bg_enable_color__hover=&#8221;on&#8221; button_text_color__hover_enabled=&#8221;on|hover&#8221; button_text_color__hover=&#8221;#FFFFFF&#8221; button_icon_color__hover_enabled=&#8221;on|desktop&#8221; button_icon_color__hover=&#8221;#FFFFFF&#8221;][\/et_pb_button][et_pb_button button_url=&#8221;@ET-DC@eyJkeW5hbWljIjp0cnVlLCJjb250ZW50IjoicG9zdF9saW5rX3VybF9wYWdlIiwic2V0dGluZ3MiOnsicG9zdF9pZCI6IjM1MiJ9fQ==@&#8221; button_text=&#8221;Vanliga fr\u00e5gor och svar&#8221; button_alignment=&#8221;center&#8221; _builder_version=&#8221;4.27.4&#8243; _dynamic_attributes=&#8221;button_url&#8221; _module_preset=&#8221;default&#8221; custom_button=&#8221;on&#8221; button_text_size=&#8221;18px&#8221; button_text_color=&#8221;#FFFFFF&#8221; button_bg_color=&#8221;#232526&#8243; button_border_width=&#8221;0px&#8221; button_border_radius=&#8221;50px&#8221; button_font=&#8221;&#8211;et_global_heading_font||||||||&#8221; custom_padding=&#8221;20px|112px|20px|112px|true|true&#8221; custom_padding_tablet=&#8221;20px|50px|20px|50px|true|true&#8221; custom_padding_phone=&#8221;|60px||60px|true|true&#8221; custom_padding_last_edited=&#8221;on|desktop&#8221; global_colors_info=&#8221;{}&#8221; custom_padding__hover_enabled=&#8221;on|hover&#8221; custom_padding__hover=&#8221;|107px|||true|false&#8221; button_bg_color__hover_enabled=&#8221;on|desktop&#8221; button_bg_color__hover=&#8221;#488D7D&#8221; button_bg_enable_color__hover=&#8221;on&#8221; button_text_color__hover_enabled=&#8221;on|hover&#8221; button_text_color__hover=&#8221;#FFFFFF&#8221; button_icon_color__hover_enabled=&#8221;on|desktop&#8221; button_icon_color__hover=&#8221;#FFFFFF&#8221;][\/et_pb_button][\/et_pb_column][\/et_pb_row][\/et_pb_section]<\/p>\n","protected":false},"excerpt":{"rendered":"<p>En mer h\u00e5llbar livsstil L\u00e5t oss ber\u00e4tta varf\u00f6r cykling \u00e4r nyckeln till en gr\u00f6nare och med h\u00e5llbar framtid.<\/p>","protected":false},"author":1,"featured_media":0,"parent":0,"menu_order":0,"comment_status":"closed","ping_status":"closed","template":"","meta":{"_et_pb_use_builder":"on","_et_pb_old_content":"","_et_gb_content_width":"","footnotes":""},"class_list":["post-1283","page","type-page","status-publish","hentry"],"yoast_head":"<!-- This site is optimized with the Yoast SEO plugin v27.5 - https:\/\/yoast.com\/product\/yoast-seo-wordpress\/ -->\n<title>Links - Bike benefits<\/title>\n<meta name=\"robots\" content=\"index, follow, max-snippet:-1, max-image-preview:large, max-video-preview:-1\" \/>\n<link rel=\"canonical\" href=\"https:\/\/bikebenefits.se\/en\/links\/\" \/>\n<meta property=\"og:locale\" content=\"en_GB\" \/>\n<meta property=\"og:type\" content=\"article\" \/>\n<meta property=\"og:title\" content=\"Links - Bike benefits\" \/>\n<meta property=\"og:description\" content=\"En mer h\u00e5llbar livsstil L\u00e5t oss ber\u00e4tta varf\u00f6r cykling \u00e4r nyckeln till en gr\u00f6nare och med h\u00e5llbar framtid.\" \/>\n<meta property=\"og:url\" content=\"https:\/\/bikebenefits.se\/en\/links\/\" \/>\n<meta property=\"og:site_name\" content=\"Bike benefits\" \/>\n<meta property=\"article:publisher\" content=\"https:\/\/www.facebook.com\/bikebenefitssverige\" \/>\n<meta property=\"article:modified_time\" content=\"2024-12-20T14:20:13+00:00\" \/>\n<meta name=\"twitter:card\" content=\"summary_large_image\" \/>\n<meta name=\"twitter:label1\" content=\"Estimated reading time\" \/>\n\t<meta name=\"twitter:data1\" content=\"5 minutes\" \/>\n<script type=\"application\/ld+json\" class=\"yoast-schema-graph\">{\"@context\":\"https:\\\/\\\/schema.org\",\"@graph\":[{\"@type\":\"WebPage\",\"@id\":\"https:\\\/\\\/bikebenefits.se\\\/links\\\/\",\"url\":\"https:\\\/\\\/bikebenefits.se\\\/links\\\/\",\"name\":\"Links - Bike benefits\",\"isPartOf\":{\"@id\":\"https:\\\/\\\/bikebenefits.se\\\/#website\"},\"datePublished\":\"2024-02-09T07:59:07+00:00\",\"dateModified\":\"2024-12-20T14:20:13+00:00\",\"breadcrumb\":{\"@id\":\"https:\\\/\\\/bikebenefits.se\\\/links\\\/#breadcrumb\"},\"inLanguage\":\"en-GB\",\"potentialAction\":[{\"@type\":\"ReadAction\",\"target\":[\"https:\\\/\\\/bikebenefits.se\\\/links\\\/\"]}]},{\"@type\":\"BreadcrumbList\",\"@id\":\"https:\\\/\\\/bikebenefits.se\\\/links\\\/#breadcrumb\",\"itemListElement\":[{\"@type\":\"ListItem\",\"position\":1,\"name\":\"Hem\",\"item\":\"https:\\\/\\\/bikebenefits.se\\\/\"},{\"@type\":\"ListItem\",\"position\":2,\"name\":\"Links\"}]},{\"@type\":\"WebSite\",\"@id\":\"https:\\\/\\\/bikebenefits.se\\\/#website\",\"url\":\"https:\\\/\\\/bikebenefits.se\\\/\",\"name\":\"Bike benefits\",\"description\":\"F\u00f6rm\u00e5nscyklar f\u00f6r en h\u00e5llbar livsstil\",\"publisher\":{\"@id\":\"https:\\\/\\\/bikebenefits.se\\\/#organization\"},\"potentialAction\":[{\"@type\":\"SearchAction\",\"target\":{\"@type\":\"EntryPoint\",\"urlTemplate\":\"https:\\\/\\\/bikebenefits.se\\\/?s={search_term_string}\"},\"query-input\":{\"@type\":\"PropertyValueSpecification\",\"valueRequired\":true,\"valueName\":\"search_term_string\"}}],\"inLanguage\":\"en-GB\"},{\"@type\":\"Organization\",\"@id\":\"https:\\\/\\\/bikebenefits.se\\\/#organization\",\"name\":\"Bike benefits\",\"url\":\"https:\\\/\\\/bikebenefits.se\\\/\",\"logo\":{\"@type\":\"ImageObject\",\"inLanguage\":\"en-GB\",\"@id\":\"https:\\\/\\\/bikebenefits.se\\\/#\\\/schema\\\/logo\\\/image\\\/\",\"url\":\"https:\\\/\\\/bikebenefits.se\\\/wp-content\\\/uploads\\\/2024\\\/02\\\/bikebenefits-black-tagline.png\",\"contentUrl\":\"https:\\\/\\\/bikebenefits.se\\\/wp-content\\\/uploads\\\/2024\\\/02\\\/bikebenefits-black-tagline.png\",\"width\":1200,\"height\":521,\"caption\":\"Bike benefits\"},\"image\":{\"@id\":\"https:\\\/\\\/bikebenefits.se\\\/#\\\/schema\\\/logo\\\/image\\\/\"},\"sameAs\":[\"https:\\\/\\\/www.facebook.com\\\/bikebenefitssverige\",\"https:\\\/\\\/www.instagram.com\\\/bikebenefits\"]}]}<\/script>\n<!-- \/ Yoast SEO plugin. -->","yoast_head_json":{"title":"Links - Bike benefits","robots":{"index":"index","follow":"follow","max-snippet":"max-snippet:-1","max-image-preview":"max-image-preview:large","max-video-preview":"max-video-preview:-1"},"canonical":"https:\/\/bikebenefits.se\/en\/links\/","og_locale":"en_GB","og_type":"article","og_title":"Links - Bike benefits","og_description":"En mer h\u00e5llbar livsstil L\u00e5t oss ber\u00e4tta varf\u00f6r cykling \u00e4r nyckeln till en gr\u00f6nare och med h\u00e5llbar framtid.","og_url":"https:\/\/bikebenefits.se\/en\/links\/","og_site_name":"Bike benefits","article_publisher":"https:\/\/www.facebook.com\/bikebenefitssverige","article_modified_time":"2024-12-20T14:20:13+00:00","twitter_card":"summary_large_image","twitter_misc":{"Estimated reading time":"5 minutes"},"schema":{"@context":"https:\/\/schema.org","@graph":[{"@type":"WebPage","@id":"https:\/\/bikebenefits.se\/links\/","url":"https:\/\/bikebenefits.se\/links\/","name":"Links - Bike benefits","isPartOf":{"@id":"https:\/\/bikebenefits.se\/#website"},"datePublished":"2024-02-09T07:59:07+00:00","dateModified":"2024-12-20T14:20:13+00:00","breadcrumb":{"@id":"https:\/\/bikebenefits.se\/links\/#breadcrumb"},"inLanguage":"en-GB","potentialAction":[{"@type":"ReadAction","target":["https:\/\/bikebenefits.se\/links\/"]}]},{"@type":"BreadcrumbList","@id":"https:\/\/bikebenefits.se\/links\/#breadcrumb","itemListElement":[{"@type":"ListItem","position":1,"name":"Hem","item":"https:\/\/bikebenefits.se\/"},{"@type":"ListItem","position":2,"name":"Links"}]},{"@type":"WebSite","@id":"https:\/\/bikebenefits.se\/#website","url":"https:\/\/bikebenefits.se\/","name":"Bike benefits","description":"F\u00f6rm\u00e5nscyklar f\u00f6r en h\u00e5llbar livsstil","publisher":{"@id":"https:\/\/bikebenefits.se\/#organization"},"potentialAction":[{"@type":"SearchAction","target":{"@type":"EntryPoint","urlTemplate":"https:\/\/bikebenefits.se\/?s={search_term_string}"},"query-input":{"@type":"PropertyValueSpecification","valueRequired":true,"valueName":"search_term_string"}}],"inLanguage":"en-GB"},{"@type":"Organization","@id":"https:\/\/bikebenefits.se\/#organization","name":"Bike benefits","url":"https:\/\/bikebenefits.se\/","logo":{"@type":"ImageObject","inLanguage":"en-GB","@id":"https:\/\/bikebenefits.se\/#\/schema\/logo\/image\/","url":"https:\/\/bikebenefits.se\/wp-content\/uploads\/2024\/02\/bikebenefits-black-tagline.png","contentUrl":"https:\/\/bikebenefits.se\/wp-content\/uploads\/2024\/02\/bikebenefits-black-tagline.png","width":1200,"height":521,"caption":"Bike benefits"},"image":{"@id":"https:\/\/bikebenefits.se\/#\/schema\/logo\/image\/"},"sameAs":["https:\/\/www.facebook.com\/bikebenefitssverige","https:\/\/www.instagram.com\/bikebenefits"]}]}},"_links":{"self":[{"href":"https:\/\/bikebenefits.se\/en\/wp-json\/wp\/v2\/pages\/1283","targetHints":{"allow":["GET"]}}],"collection":[{"href":"https:\/\/bikebenefits.se\/en\/wp-json\/wp\/v2\/pages"}],"about":[{"href":"https:\/\/bikebenefits.se\/en\/wp-json\/wp\/v2\/types\/page"}],"author":[{"embeddable":true,"href":"https:\/\/bikebenefits.se\/en\/wp-json\/wp\/v2\/users\/1"}],"replies":[{"embeddable":true,"href":"https:\/\/bikebenefits.se\/en\/wp-json\/wp\/v2\/comments?post=1283"}],"version-history":[{"count":20,"href":"https:\/\/bikebenefits.se\/en\/wp-json\/wp\/v2\/pages\/1283\/revisions"}],"predecessor-version":[{"id":1510,"href":"https:\/\/bikebenefits.se\/en\/wp-json\/wp\/v2\/pages\/1283\/revisions\/1510"}],"wp:attachment":[{"href":"https:\/\/bikebenefits.se\/en\/wp-json\/wp\/v2\/media?parent=1283"}],"curies":[{"name":"wp","href":"https:\/\/api.w.org\/{rel}","templated":true}]}}